{"id":4577,"date":"2024-08-20T08:38:14","date_gmt":"2024-08-20T08:38:14","guid":{"rendered":"https:\/\/plantinity.com\/product\/otwornica-do-boczniakow\/"},"modified":"2025-04-18T12:19:22","modified_gmt":"2025-04-18T12:19:22","slug":"otwornica-do-boczniakow","status":"publish","type":"product","link":"https:\/\/plantinity.com\/pl\/produkt\/otwornica-do-boczniakow\/","title":{"rendered":"Otwornica do boczniak\u00f3w"},"content":{"rendered":"<p>Uprawa boczniaka sta\u0142a si\u0119 popularna szczeg\u00f3lnie dlatego, \u017ce <b>grzyb ten ma du\u017ce powodzenie w<\/b><b><\/b><b>diecie wega\u0144skiej i<\/b><b> <\/b><b>wegetaria\u0144skiej.<\/b><b> <\/b>Opr\u00f3cz produkcji na skal\u0119 przemys\u0142ow\u0105, popularne s\u0105 te\u017c gotowe<b> <\/b>grzybnie na potrzeby uprawy amatorskiej.<b><\/b>Boczniaka mo\u017cna uprawia\u0107 ca\u0142y rok, zapewniaj\u0105c mu odpowiednie warunki.<\/p>\n<p><b>Boczniaki wyrastaj\u0105 z gotowego pod\u0142o\u017ca, czyli tzw. balot\u00f3w.<\/b><\/p>\n<p>Baloty to sprasowane bele lub sze\u015bcienne kostki wykonane z wilgotnej sieczki s\u0142omy w ca\u0142o\u015bci przero\u015bni\u0119te grzybni\u0105. Umieszczone s\u0105 one w perforowanych foliowych workach.<\/p>\n<p>W miejscu perforacji w czasie wzrostu owocnik\u00f3w pojawiaj\u0105 si\u0119 i dojrzewaj\u0105 pi\u0119kne karpy boczniaka. Uprawa boczniaka powinna by\u0107 prowadzona tak, by w jak najkr\u00f3tszym czasie uzyska\u0107 plon o maksymalnej jako\u015bci i wielko\u015bci. Przy stworzeniu optymalnych warunk\u00f3w z gotowej kostki mo\u017cna uzyska\u0107 z jednego balotu od <b>4 do 6 kg grzyb\u00f3w<\/b>.<\/p>\n<div class=\"mp4t_16_s mryx_16_s mr3m_1 mli2_1 mh85_56 mh85_0_l\">\n<div class=\"mgn2_16 _0d3bd_am0a-\">\n<p><b>Zastosowanie naszego no\u017ca boczniakowego podniesie wydajno\u015b\u0107 z ka\u017cdej kostki nawet o kilkadziesi\u0105t procent.<\/b><\/p>\n<p><b>Nasza otwornica pozwala na szybkie i dok\u0142adne wykonanie dodatkowych otwor\u00f3w do wzrostu karp grzyba w balocie.<\/b><\/p>\n<p><b>Otwory wykonane naszym no\u017cem s\u0105 precyzyjne i optymalnej wielko\u015bci. Pod przeci\u0119ciem tworzy si\u0119 optymalne wgniecenie, zapewniaj\u0105ce korzystny mikroklimat do tworzenia si\u0119 karp. Skutkuje to wi\u0119ksz\u0105 ilo\u015bci\u0105 utworzonych owocnik\u00f3w i wi\u0119kszymi plonami grzyba.<\/b><\/p>\n<\/div>\n<\/div>\n<div class=\"mp4t_16_s mryx_16_s mr3m_1 mli2_1 mh85_56 mh85_0_l\">\n<div class=\"mp4t_0 mryx_0 munh_56 m3h2_56\">\n<h2>Wymiary naszej otwornicy do boczniak\u00f3w:<\/h2>\n<ul>\n<li>wysoko\u015b\u0107 ca\u0142kowita wraz z ostrzami &#8211; 14,8 cm<\/li>\n<li>wysoko\u015b\u0107 uchwytu r\u0105czki &#8211; 8,5 cm<\/li>\n<li>szeroko\u015b\u0107 g\u0142owicy &#8211; 4,8\u00a0cm<\/li>\n<li>d\u0142ugo\u015b\u0107 pojedynczego ostrza &#8211; 2 cm<\/li>\n<li>szeroko\u015b\u0107 ca\u0142ego naci\u0119cia &#8211; 4 cm<\/li>\n<li>g\u0142\u0119boko\u015b\u0107 naci\u0119cia &#8211; 2 cm<\/li>\n<li>waga produktu &#8211; 46g<\/li>\n<\/ul>\n<p>Dost\u0119pny kolor pomara\u0144czowy.<\/p>\n<\/div>\n<\/div>\n","protected":false},"excerpt":{"rendered":"<h1>Otwornica boczniakowa<\/h1>\n<h1>&#8211; n\u00f3\u017c wydajno\u015bciowy do boczniaka<\/h1>\n<h2>s\u0142u\u017c\u0105cy do wykonywania dodatkowych otwor\u00f3w do wzrostu karp bocznika w gotowych balotach &#8211;\u00a0 kostkach z grzybni\u0105.<\/h2>\n<p><b>Nasz innowacyjny produkt wykonany w technologii druku 3D zapewni ci:<\/b><\/p>\n<ul>\n<li><b>wzrost wydajno\u015bci gotowych kostek z grzybni\u0105 &#8211;\u00a0 nawet o kilkadziesi\u0105t procent z ka\u017cdej kostki<\/b><\/li>\n<li>optymalizacj\u0119 produkcji grzyb\u00f3w<\/li>\n<li>szybko\u015b\u0107 wykonywania otwor\u00f3w<\/li>\n<li>precyzj\u0119 i dok\u0142adno\u015b\u0107\u00a0 w wykonywaniu otwor\u00f3w<\/li>\n<li>optymaln\u0105 wielko\u015b\u0107 otwor\u00f3w z idealnym wgnieceniem, zapewniaj\u0105cym korzystny mikroklimat do tworzenia si\u0119 karp<\/li>\n<li>lekko\u015b\u0107 konstrukcji<\/li>\n<li>idealn\u0105 d\u0142ugo\u015b\u0107 uchwytu r\u0105czki przy wykonywaniu otwor\u00f3w optymalnie ciasno ustawionych kostek<\/li>\n<li>\u0142atwo\u015b\u0107 dezynfekcji<\/li>\n<\/ul>\n<h1>KUP &#8211; zanim kupi go tw\u00f3j konkurent!!<\/h1>\n","protected":false},"featured_media":4356,"comment_status":"open","ping_status":"closed","template":"","meta":[],"product_brand":[],"product_cat":[42],"product_tag":[],"class_list":{"0":"post-4577","1":"product","2":"type-product","3":"status-publish","4":"has-post-thumbnail","6":"product_cat-bez-kategorii-pl","8":"first","9":"instock","10":"shipping-taxable","11":"purchasable","12":"product-type-simple"},"_links":{"self":[{"href":"https:\/\/plantinity.com\/pl\/wp-json\/wp\/v2\/product\/4577","targetHints":{"allow":["GET"]}}],"collection":[{"href":"https:\/\/plantinity.com\/pl\/wp-json\/wp\/v2\/product"}],"about":[{"href":"https:\/\/plantinity.com\/pl\/wp-json\/wp\/v2\/types\/product"}],"replies":[{"embeddable":true,"href":"https:\/\/plantinity.com\/pl\/wp-json\/wp\/v2\/comments?post=4577"}],"version-history":[{"count":1,"href":"https:\/\/plantinity.com\/pl\/wp-json\/wp\/v2\/product\/4577\/revisions"}],"predecessor-version":[{"id":4682,"href":"https:\/\/plantinity.com\/pl\/wp-json\/wp\/v2\/product\/4577\/revisions\/4682"}],"wp:featuredmedia":[{"embeddable":true,"href":"https:\/\/plantinity.com\/pl\/wp-json\/wp\/v2\/media\/4356"}],"wp:attachment":[{"href":"https:\/\/plantinity.com\/pl\/wp-json\/wp\/v2\/media?parent=4577"}],"wp:term":[{"taxonomy":"product_brand","embeddable":true,"href":"https:\/\/plantinity.com\/pl\/wp-json\/wp\/v2\/product_brand?post=4577"},{"taxonomy":"product_cat","embeddable":true,"href":"https:\/\/plantinity.com\/pl\/wp-json\/wp\/v2\/product_cat?post=4577"},{"taxonomy":"product_tag","embeddable":true,"href":"https:\/\/plantinity.com\/pl\/wp-json\/wp\/v2\/product_tag?post=4577"}],"curies":[{"name":"wp","href":"https:\/\/api.w.org\/{rel}","templated":true}]}}