{"id":4593,"date":"2024-05-29T14:19:01","date_gmt":"2024-05-29T14:19:01","guid":{"rendered":"https:\/\/plantinity.com\/product\/zestaw-hero-light-s-m-5x\/"},"modified":"2025-05-20T09:29:04","modified_gmt":"2025-05-20T09:29:04","slug":"zestaw-hero-light-s-m-5x","status":"publish","type":"product","link":"https:\/\/plantinity.com\/pl\/produkt\/zestaw-hero-light-s-m-5x\/","title":{"rendered":"Zestaw HERO LIGHT S\/M &#8211; 5x"},"content":{"rendered":"<h1>10 powod\u00f3w, dla kt\u00f3rych powiniene\u015b\u00a0wybra\u0107 nasze podp\u00f3rki:<\/h1>\n<ul>\n<li>Nasze podp\u00f3rki s\u0105 od podstaw projektowane i wytwarzane przez nasz\u0105 ma\u0142\u0105 rodzinn\u0105 firm\u0119 w ca\u0142o\u015bci na terenie Polski i\u00a0<b>z polskich produkt\u00f3w.<\/b><\/li>\n<li>Produkowane s\u0105 w technologii\u00a0<b>druku 3D<\/b>.<\/li>\n<li>Stawiamy na\u00a0<b>ekologiczne rozwi\u0105zania<\/b>. G\u0142\u00f3wnym materia\u0142em wykorzystywanym w naszych produktach jest PLA \u2013\u00a0<b>biodegradowalne tworzywo<\/b>\u00a0 powstaj\u0105ce z surowc\u00f3w odnawialnych, takich jak buraki cukrowe, czy te\u017c m\u0105czka kukurydziana.<\/li>\n<li>Zagwarantuj\u0105\u00a0<b>now\u0105 jako\u015b\u0107 wsparcia<\/b>\u00a0dla Twoich ukochanych ro\u015blin, podtrzymaj\u0105 pn\u0105ce \u0142ody\u017cki, ukierunkuj\u0105 nowe przyrosty i wyeksponuj\u0105 ro\u015blin\u0119 do g\u00f3ry.<\/li>\n<li><b>Oryginalne wzory<\/b>\u00a0stanowi\u0105 ciekawy element dekoracyjny, przyci\u0105gaj\u0105 oko i mog\u0105 nada\u0107 interesuj\u0105cy charakter Twojemu\u00a0 wn\u0119trzu.<\/li>\n<li><b>Maj\u0105<\/b>\u00a0<b>wytrzyma\u0142\u0105 i trwa\u0142\u0105 konstrukcj\u0119.<\/b><\/li>\n<li><b>S\u0105 estetycznie wykonane.<\/b><\/li>\n<li><b>S\u0105 zaprojektowane z my\u015bl\u0105 o d\u0142ugotrwa\u0142ym u\u017cytkowaniu.<\/b><\/li>\n<li><b>S\u0105 w 100% wodoodporne\u00a0<\/b>w przeciwie\u0144stwie do podp\u00f3rek ze sklejki, przez co nie ch\u0142on\u0105 wilgoci i nie ple\u015bniej\u0105. \u015awietnie nadaj\u0105 si\u0119 do hydroponiki.<\/li>\n<li><b>Stawiamy na uczciwo\u015b\u0107.\u00a0<\/b>Nasze\u00a0<b>wzory s\u0105 w pe\u0142ni legalne<\/b>, gdy\u017c\u00a0<b>od samych podstaw s\u0105 zaprojektowane przez nasz zesp\u00f3\u0142<\/b>. Nie korzystamy z gotowych modeli dost\u0119pnych w Internecie<\/li>\n<\/ul>\n<h2>Wymiary:<\/h2>\n<p><strong>Rozmiar M:<\/strong><\/p>\n<ul>\n<li>\u015brednica \u2013 15 cm<\/li>\n<li>szeroko\u015b\u0107 haczyka \u2013\u00a0 2,1 cm<\/li>\n<li>liczba haczyk\u00f3w \u2013 6<\/li>\n<li>grubo\u015b\u0107 \u2013 2 mm<\/li>\n<\/ul>\n<p><strong>Rozmiar S:<\/strong><\/p>\n<ul>\n<li>\u015brednica \u2013 10 cm<\/li>\n<li>szeroko\u015b\u0107 haczyka \u2013\u00a0 1,4 cm<\/li>\n<li>liczba haczyk\u00f3w \u2013 6<\/li>\n<li>grubo\u015b\u0107 \u2013 2 mm<\/li>\n<\/ul>\n<p>Ten model podp\u00f3rek dost\u0119pny jest w kolorze kwotowej zieleni khaki.<\/p>\n<p><strong>B\u0119d\u0105 idealne dla kwiat\u00f3w typu:<\/strong><\/p>\n<ul>\n<li>alokazja<\/li>\n<li>anturium<\/li>\n<li>zamioculcas<\/li>\n<li>skrzyd\u0142okwiat<\/li>\n<li>strelicja<\/li>\n<li>palma areca<\/li>\n<li>storczyk<\/li>\n<li>monstera<\/li>\n<li>fikus<\/li>\n<li>lub do wielu innych gatunk\u00f3w<\/li>\n<\/ul>\n","protected":false},"excerpt":{"rendered":"<p>Przedstawiamy Ci nasz\u0105 innowacyjn\u0105 podp\u00f3rk\u0119 dla ro\u015blin wykonan\u0105 w technologii druku 3D.<\/p>\n<p>Zagwarantuje ci ona now\u0105 jako\u015b\u0107 wsparcia dla Twoich ukochanych ro\u015blin. Pomo\u017ce w podtrzymywaniu pn\u0105cych \u0142ody\u017cek, ukierunkuje nowe przyrosty i wyeksponuje ro\u015blin\u0119 do g\u00f3ry.<\/p>\n<p>Jest ona nie tylko praktycznym stabilizuj\u0105cym akcesorium, ale tak\u017ce stanowi designerski element dekoracyjny, kt\u00f3ry nada wyj\u0105tkowy charakter twojemu wn\u0119trzu.<\/p>\n<p>Jest ona alternatyw\u0105 dla niezgrabnych metalowych podp\u00f3rek znanych z du\u017cych sieci handlowych.<\/p>\n","protected":false},"featured_media":4330,"comment_status":"open","ping_status":"closed","template":"","meta":[],"product_brand":[],"product_cat":[43],"product_tag":[],"class_list":{"0":"post-4593","1":"product","2":"type-product","3":"status-publish","4":"has-post-thumbnail","6":"product_cat-chwytaki-do-roslin","8":"first","9":"instock","10":"shipping-taxable","11":"purchasable","12":"product-type-variable"},"_links":{"self":[{"href":"https:\/\/plantinity.com\/pl\/wp-json\/wp\/v2\/product\/4593","targetHints":{"allow":["GET"]}}],"collection":[{"href":"https:\/\/plantinity.com\/pl\/wp-json\/wp\/v2\/product"}],"about":[{"href":"https:\/\/plantinity.com\/pl\/wp-json\/wp\/v2\/types\/product"}],"replies":[{"embeddable":true,"href":"https:\/\/plantinity.com\/pl\/wp-json\/wp\/v2\/comments?post=4593"}],"version-history":[{"count":1,"href":"https:\/\/plantinity.com\/pl\/wp-json\/wp\/v2\/product\/4593\/revisions"}],"predecessor-version":[{"id":4734,"href":"https:\/\/plantinity.com\/pl\/wp-json\/wp\/v2\/product\/4593\/revisions\/4734"}],"wp:featuredmedia":[{"embeddable":true,"href":"https:\/\/plantinity.com\/pl\/wp-json\/wp\/v2\/media\/4330"}],"wp:attachment":[{"href":"https:\/\/plantinity.com\/pl\/wp-json\/wp\/v2\/media?parent=4593"}],"wp:term":[{"taxonomy":"product_brand","embeddable":true,"href":"https:\/\/plantinity.com\/pl\/wp-json\/wp\/v2\/product_brand?post=4593"},{"taxonomy":"product_cat","embeddable":true,"href":"https:\/\/plantinity.com\/pl\/wp-json\/wp\/v2\/product_cat?post=4593"},{"taxonomy":"product_tag","embeddable":true,"href":"https:\/\/plantinity.com\/pl\/wp-json\/wp\/v2\/product_tag?post=4593"}],"curies":[{"name":"wp","href":"https:\/\/api.w.org\/{rel}","templated":true}]}}