{"id":4597,"date":"2024-02-06T15:23:21","date_gmt":"2024-02-06T15:23:21","guid":{"rendered":"https:\/\/plantinity.com\/product\/voucher-prezentowy\/"},"modified":"2025-04-23T13:05:13","modified_gmt":"2025-04-23T13:05:13","slug":"voucher-prezentowy","status":"publish","type":"product","link":"https:\/\/plantinity.com\/pl\/produkt\/voucher-prezentowy\/","title":{"rendered":"Voucher Prezentowy"},"content":{"rendered":"<h2>Jak zakupi\u0107 bon?<\/h2>\n<p>Podczas zakupu dodaj uwag\u0119 do zam\u00f3wienia, w kt\u00f3rej napisz nam Imi\u0119 i Nazwisko osoby, dla kt\u00f3rej b\u0119dzie voucher. To co napiszesz podawi si\u0119 na voucherze. W przeci\u0105gu jednego dnia roboczego wy\u015blemy na twojego maila, kt\u00f3rego poda\u0142e\u015b przy zam\u00f3wieniu, elektoniczny voucher do wydruku.<\/p>\n<h2>Jak u\u017cy\u0107 bonu?<\/h2>\n<p>Aby zrealizowa\u0107 voucher nale\u017cy wpisa\u0107 kod rabatowy w koszyku podczas realizacji zam\u00f3wienia. Kod rabatowy podany jest na voucherze. Voucher jest wa\u017cny przez 6 miesi\u0119cy.<\/p>\n<h2>Co wyr\u00f3\u017cnia produkty marki Podp\u00f3rkowe Love?<\/h2>\n<p>Nasze podp\u00f3rki s\u0105 od podstaw projektowane i wytwarzane przez nasz\u0105 ma\u0142\u0105 rodzinn\u0105 firm\u0119 w ca\u0142o\u015bci na terenie Polski i z polskich produkt\u00f3w.<br \/>\nProdukowane s\u0105 w technologii druku 3D.<br \/>\nStawiamy na ekologiczne rozwi\u0105zania. G\u0142\u00f3wnym materia\u0142em wykorzystywanym w naszych produktach jest PLA \u2013 biodegradowalne tworzywo powstaj\u0105ce z surowc\u00f3w odnawialnych, takich jak buraki cukrowe, czy te\u017c m\u0105czka kukurydziana.<br \/>\nZagwarantuj\u0105 now\u0105 jako\u015b\u0107 wsparcia dla Twoich ukochanych ro\u015blin, podtrzymaj\u0105 pn\u0105ce \u0142ody\u017cki, ukierunkuj\u0105 nowe przyrosty i wyeksponuj\u0105 ro\u015blin\u0119 do g\u00f3ry.<br \/>\nOryginalne wzory stanowi\u0105 ciekawy element dekoracyjny, przyci\u0105gaj\u0105 oko i mog\u0105 nada\u0107 interesuj\u0105cy charakter Twojemu wn\u0119trzu.<br \/>\nMaj\u0105 wytrzyma\u0142\u0105 i trwa\u0142\u0105 konstrukcj\u0119. S\u0105 estetycznie wykonane.<br \/>\nS\u0105 zaprojektowane z my\u015bl\u0105 o d\u0142ugotrwa\u0142ym u\u017cytkowaniu.<br \/>\nS\u0105 w 100% wodoodporne w przeciwie\u0144stwie do podp\u00f3rek ze sklejki, przez co nie ch\u0142on\u0105 wilgoci i nie ple\u015bniej\u0105. \u015awietnie nadaj\u0105 si\u0119 do hydroponiki.<br \/>\nStawiamy na uczciwo\u015b\u0107. Nasze wzory s\u0105 w pe\u0142ni legalne, gdy\u017c od samych podstaw s\u0105 zaprojektowane przez nasz zesp\u00f3\u0142. Nie korzystamy z gotowych modeli dost\u0119pnych w Internecie.<\/p>\n","protected":false},"excerpt":{"rendered":"<h2>Voucher na zakupy w sklepie Podp\u00f3rkowe Love<\/h2>\n<p>Podaruj wyj\u0105tkowy prezent dla Ro\u015blinomaniaka! Podarowanie vouchera daje Ci gwarantuje trafionego prezentu. Osoba posiadaj\u0105ca voucher mo\u017ce zrobi\u0107 w naszym sklepie zakupy wed\u0142ug w\u0142asnych preferencji, w bud\u017cecie kt\u00f3ry zostanie przez Ciebie przeznaczony na ten cel. W naszym sklepie mo\u017cna zakupi\u0107 takie akcjesora kwiatowe jak podp\u00f3rki, obr\u0119cze do ro\u015blin oraz stojaki pod doniczki.<\/p>\n","protected":false},"featured_media":4134,"comment_status":"open","ping_status":"closed","template":"","meta":[],"product_brand":[],"product_cat":[47],"product_tag":[],"class_list":{"0":"post-4597","1":"product","2":"type-product","3":"status-publish","4":"has-post-thumbnail","6":"product_cat-prezenty","8":"first","9":"instock","10":"shipping-taxable","11":"purchasable","12":"product-type-variable"},"_links":{"self":[{"href":"https:\/\/plantinity.com\/pl\/wp-json\/wp\/v2\/product\/4597","targetHints":{"allow":["GET"]}}],"collection":[{"href":"https:\/\/plantinity.com\/pl\/wp-json\/wp\/v2\/product"}],"about":[{"href":"https:\/\/plantinity.com\/pl\/wp-json\/wp\/v2\/types\/product"}],"replies":[{"embeddable":true,"href":"https:\/\/plantinity.com\/pl\/wp-json\/wp\/v2\/comments?post=4597"}],"version-history":[{"count":1,"href":"https:\/\/plantinity.com\/pl\/wp-json\/wp\/v2\/product\/4597\/revisions"}],"predecessor-version":[{"id":4749,"href":"https:\/\/plantinity.com\/pl\/wp-json\/wp\/v2\/product\/4597\/revisions\/4749"}],"wp:featuredmedia":[{"embeddable":true,"href":"https:\/\/plantinity.com\/pl\/wp-json\/wp\/v2\/media\/4134"}],"wp:attachment":[{"href":"https:\/\/plantinity.com\/pl\/wp-json\/wp\/v2\/media?parent=4597"}],"wp:term":[{"taxonomy":"product_brand","embeddable":true,"href":"https:\/\/plantinity.com\/pl\/wp-json\/wp\/v2\/product_brand?post=4597"},{"taxonomy":"product_cat","embeddable":true,"href":"https:\/\/plantinity.com\/pl\/wp-json\/wp\/v2\/product_cat?post=4597"},{"taxonomy":"product_tag","embeddable":true,"href":"https:\/\/plantinity.com\/pl\/wp-json\/wp\/v2\/product_tag?post=4597"}],"curies":[{"name":"wp","href":"https:\/\/api.w.org\/{rel}","templated":true}]}}