{"id":4605,"date":"2024-01-12T11:49:01","date_gmt":"2024-01-12T11:49:01","guid":{"rendered":"https:\/\/plantinity.com\/product\/podporka-do-roslin-serce-m-l\/"},"modified":"2025-05-17T07:46:01","modified_gmt":"2025-05-17T07:46:01","slug":"podporka-do-roslin-serce-m-l","status":"publish","type":"product","link":"https:\/\/plantinity.com\/pl\/produkt\/podporka-do-roslin-serce-m-l\/","title":{"rendered":"Podp\u00f3rka do ro\u015blin SERCE M\/L"},"content":{"rendered":"<h1>10 powod\u00f3w, dla kt\u00f3rych powiniene\u015b\u00a0wybra\u0107 nasze podp\u00f3rki:<\/h1>\n<ul>\n<li>Nasze podp\u00f3rki s\u0105 od podstaw projektowane i wytwarzane przez nasz\u0105 ma\u0142\u0105 rodzinn\u0105 firm\u0119 w ca\u0142o\u015bci na terenie Polski i\u00a0<b>z polskich produkt\u00f3w.<\/b><\/li>\n<li>Produkowane s\u0105 w technologii\u00a0<b>druku 3D<\/b>.<\/li>\n<li>Stawiamy na\u00a0<b>ekologiczne rozwi\u0105zania<\/b>. G\u0142\u00f3wnym materia\u0142em wykorzystywanym w naszych produktach jest PLA &#8211;\u00a0<b>biodegradowalne tworzywo<\/b>\u00a0 powstaj\u0105ce z surowc\u00f3w odnawialnych, takich jak buraki cukrowe, czy te\u017c m\u0105czka kukurydziana.<\/li>\n<li>Zagwarantuj\u0105\u00a0<b>now\u0105 jako\u015b\u0107 wsparcia<\/b>\u00a0dla Twoich ukochanych ro\u015blin, podtrzymaj\u0105 pn\u0105ce \u0142ody\u017cki, ukierunkuj\u0105 nowe przyrosty i wyeksponuj\u0105 ro\u015blin\u0119 do g\u00f3ry.<\/li>\n<li><b>Oryginalne wzory<\/b>\u00a0stanowi\u0105 ciekawy element dekoracyjny, przyci\u0105gaj\u0105 oko i mog\u0105 nada\u0107 interesuj\u0105cy charakter Twojemu\u00a0 wn\u0119trzu.<\/li>\n<li><b>Maj\u0105<\/b>\u00a0<b>wytrzyma\u0142\u0105 i trwa\u0142\u0105 konstrukcj\u0119.<\/b><\/li>\n<li><b>S\u0105 estetycznie wykonane.<\/b><\/li>\n<li><b>S\u0105 zaprojektowane z my\u015bl\u0105 o d\u0142ugotrwa\u0142ym u\u017cytkowaniu.<\/b><\/li>\n<li><b>S\u0105 w 100% wodoodporne\u00a0<\/b>w przeciwie\u0144stwie do podp\u00f3rek ze sklejki, przez co nie ch\u0142on\u0105 wilgoci i nie ple\u015bniej\u0105. \u015awietnie nadaj\u0105 si\u0119 do hydroponiki.<\/li>\n<li><b>Stawiamy na uczciwo\u015b\u0107.\u00a0<\/b>Nasze\u00a0<b>wzory s\u0105 w pe\u0142ni legalne<\/b>, gdy\u017c\u00a0<b>od samych podstaw s\u0105 zaprojektowane przez nasz zesp\u00f3\u0142<\/b>. Nie korzystamy z gotowych modeli dost\u0119pnych w Internecie.<\/li>\n<\/ul>\n<h2>Wymiary:<\/h2>\n<p><strong>Rozmiar L:<\/strong><\/p>\n<ul>\n<li>wysoko\u015b\u0107 ca\u0142kowita &#8211; 40 cm<\/li>\n<li>szeroko\u015b\u0107 &#8211;\u00a0 29cm<\/li>\n<li>d\u0142ugo\u015b\u0107 n\u00f3\u017cki &#8211; 17 cm<\/li>\n<li>grubo\u015b\u0107 &#8211; 5 mm<\/li>\n<\/ul>\n<p><strong>Rozmiar M:<\/strong><\/p>\n<ul>\n<li>wysoko\u015b\u0107 ca\u0142kowita &#8211; 28 cm<\/li>\n<li>szeroko\u015b\u0107 &#8211;\u00a0 20cm<\/li>\n<li>d\u0142ugo\u015b\u0107 n\u00f3\u017cki &#8211; 12 cm<\/li>\n<li>grubo\u015b\u0107 &#8211; 4 mm<\/li>\n<\/ul>\n<h2>Ten model podp\u00f3rek dost\u0119pny jest w kolorze czarnym.<\/h2>\n","protected":false},"excerpt":{"rendered":"<p>10 powod\u00f3w, dla kt\u00f3rych powiniene\u015b\u00a0wybra\u0107 nasze podp\u00f3rki: Nasze podp\u00f3rki s\u0105 od podstaw projektowane i wytwarzane przez nasz\u0105 ma\u0142\u0105 rodzinn\u0105 firm\u0119 w ca\u0142o\u015bci na terenie Polski i\u00a0z polskich produkt\u00f3w. Produkowane s\u0105 w technologii\u00a0druku 3D. Stawiamy na\u00a0ekologiczne rozwi\u0105zania. G\u0142\u00f3wnym materia\u0142em wykorzystywanym w naszych produktach jest PLA &#8211;\u00a0biodegradowalne tworzywo\u00a0 powstaj\u0105ce z surowc\u00f3w odnawialnych, takich jak buraki cukrowe, czy [&hellip;]<\/p>\n","protected":false},"featured_media":4303,"comment_status":"open","ping_status":"closed","template":"","meta":[],"product_brand":[],"product_cat":[45],"product_tag":[],"class_list":{"0":"post-4605","1":"product","2":"type-product","3":"status-publish","4":"has-post-thumbnail","6":"product_cat-podporki-do-roslin","8":"first","9":"instock","10":"shipping-taxable","11":"purchasable","12":"product-type-variable"},"_links":{"self":[{"href":"https:\/\/plantinity.com\/pl\/wp-json\/wp\/v2\/product\/4605","targetHints":{"allow":["GET"]}}],"collection":[{"href":"https:\/\/plantinity.com\/pl\/wp-json\/wp\/v2\/product"}],"about":[{"href":"https:\/\/plantinity.com\/pl\/wp-json\/wp\/v2\/types\/product"}],"replies":[{"embeddable":true,"href":"https:\/\/plantinity.com\/pl\/wp-json\/wp\/v2\/comments?post=4605"}],"version-history":[{"count":2,"href":"https:\/\/plantinity.com\/pl\/wp-json\/wp\/v2\/product\/4605\/revisions"}],"predecessor-version":[{"id":5250,"href":"https:\/\/plantinity.com\/pl\/wp-json\/wp\/v2\/product\/4605\/revisions\/5250"}],"wp:featuredmedia":[{"embeddable":true,"href":"https:\/\/plantinity.com\/pl\/wp-json\/wp\/v2\/media\/4303"}],"wp:attachment":[{"href":"https:\/\/plantinity.com\/pl\/wp-json\/wp\/v2\/media?parent=4605"}],"wp:term":[{"taxonomy":"product_brand","embeddable":true,"href":"https:\/\/plantinity.com\/pl\/wp-json\/wp\/v2\/product_brand?post=4605"},{"taxonomy":"product_cat","embeddable":true,"href":"https:\/\/plantinity.com\/pl\/wp-json\/wp\/v2\/product_cat?post=4605"},{"taxonomy":"product_tag","embeddable":true,"href":"https:\/\/plantinity.com\/pl\/wp-json\/wp\/v2\/product_tag?post=4605"}],"curies":[{"name":"wp","href":"https:\/\/api.w.org\/{rel}","templated":true}]}}