{"id":4617,"date":"2024-01-11T06:45:15","date_gmt":"2024-01-11T06:45:15","guid":{"rendered":"https:\/\/plantinity.com\/product\/podpora-pierscieniowa-eye-ring-m-l-xl\/"},"modified":"2025-05-20T09:41:05","modified_gmt":"2025-05-20T09:41:05","slug":"podpora-pierscieniowa-eye-ring-m-l-xl","status":"publish","type":"product","link":"https:\/\/plantinity.com\/pl\/produkt\/podpora-pierscieniowa-eye-ring-m-l-xl\/","title":{"rendered":"Podpora pier\u015bcieniowa EYE RING M\/L\/XL"},"content":{"rendered":"<h2>10 powod\u00f3w, dla kt\u00f3rych powiniene\u015b\u00a0wybra\u0107 nasze podp\u00f3rki:<\/h2>\n<ul>\n<li>Nasze podp\u00f3rki s\u0105 od podstaw projektowane i wytwarzane przez nasz\u0105 ma\u0142\u0105 rodzinn\u0105 firm\u0119 w ca\u0142o\u015bci na terenie Polski i\u00a0<b>z polskich produkt\u00f3w.<\/b><\/li>\n<li>Produkowane s\u0105 w technologii\u00a0<b>druku 3D<\/b>.<\/li>\n<li>Stawiamy na\u00a0<b>ekologiczne rozwi\u0105zania<\/b>. G\u0142\u00f3wnym materia\u0142em wykorzystywanym w naszych produktach jest PLA &#8211;\u00a0<b>biodegradowalne tworzywo<\/b>\u00a0 powstaj\u0105ce z surowc\u00f3w odnawialnych, takich jak buraki cukrowe, czy te\u017c m\u0105czka kukurydziana.<\/li>\n<li>Zagwarantuj\u0105\u00a0<b>now\u0105 jako\u015b\u0107 wsparcia<\/b>\u00a0dla Twoich ukochanych ro\u015blin, podtrzymaj\u0105 pn\u0105ce \u0142ody\u017cki, ukierunkuj\u0105 nowe przyrosty i wyeksponuj\u0105 ro\u015blin\u0119 do g\u00f3ry.<\/li>\n<li><b>Oryginalne wzory<\/b>\u00a0stanowi\u0105 ciekawy element dekoracyjny, przyci\u0105gaj\u0105 oko i mog\u0105 nada\u0107 interesuj\u0105cy charakter Twojemu\u00a0 wn\u0119trzu.<\/li>\n<li><b>Maj\u0105<\/b>\u00a0<b>wytrzyma\u0142\u0105 i trwa\u0142\u0105 konstrukcj\u0119.<\/b><\/li>\n<li><b>S\u0105 estetycznie wykonane.<\/b><\/li>\n<li><b>S\u0105 zaprojektowane z my\u015bl\u0105 o d\u0142ugotrwa\u0142ym u\u017cytkowaniu.<\/b><\/li>\n<li><b>S\u0105 w 100% wodoodporne\u00a0<\/b>w przeciwie\u0144stwie do podp\u00f3rek ze sklejki, przez co nie ch\u0142on\u0105 wilgoci i nie ple\u015bniej\u0105. \u015awietnie nadaj\u0105 si\u0119 do hydroponiki.<\/li>\n<li><b>Stawiamy na uczciwo\u015b\u0107.\u00a0<\/b>Nasze\u00a0<b>wzory s\u0105 w pe\u0142ni legalne<\/b>, gdy\u017c\u00a0<b>od samych podstaw s\u0105 zaprojektowane przez nasz zesp\u00f3\u0142<\/b>. Nie korzystamy z gotowych modeli dost\u0119pnych w Internecie.<\/li>\n<\/ul>\n<h2>Wymiary:<\/h2>\n<ul>\n<li>wysoko\u015b\u0107 ca\u0142kowita &#8211; 60 cm<\/li>\n<li>\u015brednica obr\u0119czy &#8211; 28 cm<\/li>\n<\/ul>\n<h2>Kolory:<\/h2>\n<p>Pr\u0119ty s\u0105 wykonane<b>\u00a0<\/b>z w\u0142\u00f3kna szklanego zawsze w kolorze czarnym.<\/p>\n<p>Obr\u0119cze w kolorze czarnym.<\/p>\n<h2>Monta\u017c:<\/h2>\n<p>Podp\u00f3rki s\u0105 szybkie i proste w monta\u017cu. W komplecie otrzymujesz jedn\u0105 obr\u0119cz z trzema otworami i trzy sztywne pr\u0119ty\u00a0 do zamocowania w otworach obr\u0119czy.<\/p>\n<h2>Wielofunkcyjno\u015b\u0107 podpory<\/h2>\n<p>Wielofunkcyjno\u015b\u0107 tej podpory pozwoli na zamontowanie jej z wieloma r\u00f3\u017cnymi ro\u015blinami o r\u00f3\u017cnych problemach ze stabilno\u015bci\u0105.<\/p>\n<p>Nasze podp\u00f3rki dedykowane s\u0105 w szczeg\u00f3lno\u015bci ro\u015blinom wysokim, o roz\u0142o\u017cystym pokroju, ze sk\u0142onno\u015bci\u0105 do niestabilnych \u0142odyg.<\/p>\n<p>B\u0119d\u0105 idealne dla kwiat\u00f3w typu:<\/p>\n<ul>\n<li><b>monstera<\/b><\/li>\n<li><b>skrzyd\u0142okwiat<\/b><\/li>\n<li><b>sansewieria<\/b><\/li>\n<li><b>zamioculcas<\/b><\/li>\n<li><b>dracena<\/b><\/li>\n<li><b>palma areca<\/b><\/li>\n<li><b>kliwia<\/b><\/li>\n<li><b>ficus<\/b><\/li>\n<li><b>strelicja<\/b><\/li>\n<li><b>i wiele innych<\/b><\/li>\n<\/ul>\n","protected":false},"excerpt":{"rendered":"<p>Przedstawiamy Ci nasz\u0105 innowacyjn\u0105 podp\u00f3rk\u0119 dla ro\u015blin wykonan\u0105 w technologii druku 3D.<\/p>\n<p>Zagwarantuje ci ona now\u0105 jako\u015b\u0107 wsparcia dla Twoich ukochanych ro\u015blin. Pomo\u017ce w podtrzymywaniu i pionizowaniu ich \u0142odyg i li\u015bci, zapobiegnie wyginaniu lub z\u0142amaniu ro\u015bliny.<\/p>\n<p>Jest ona nie tylko praktycznym stabilizuj\u0105cym akcesorium, ale tak\u017ce stanowi designerski element dekoracyjny, kt\u00f3ry nada wyj\u0105tkowy charakter twojemu wn\u0119trzu.<\/p>\n<p>Jest ona alternatyw\u0105 dla niezgrabnych metalowych podp\u00f3rek znanych z du\u017cych sieci\u00f3wek.<\/p>\n","protected":false},"featured_media":4337,"comment_status":"open","ping_status":"closed","template":"","meta":[],"product_brand":[],"product_cat":[44],"product_tag":[],"class_list":{"0":"post-4617","1":"product","2":"type-product","3":"status-publish","4":"has-post-thumbnail","6":"product_cat-podpory-pierscieniowe","8":"first","9":"instock","10":"shipping-taxable","11":"purchasable","12":"product-type-variable"},"_links":{"self":[{"href":"https:\/\/plantinity.com\/pl\/wp-json\/wp\/v2\/product\/4617","targetHints":{"allow":["GET"]}}],"collection":[{"href":"https:\/\/plantinity.com\/pl\/wp-json\/wp\/v2\/product"}],"about":[{"href":"https:\/\/plantinity.com\/pl\/wp-json\/wp\/v2\/types\/product"}],"replies":[{"embeddable":true,"href":"https:\/\/plantinity.com\/pl\/wp-json\/wp\/v2\/comments?post=4617"}],"version-history":[{"count":1,"href":"https:\/\/plantinity.com\/pl\/wp-json\/wp\/v2\/product\/4617\/revisions"}],"predecessor-version":[{"id":4800,"href":"https:\/\/plantinity.com\/pl\/wp-json\/wp\/v2\/product\/4617\/revisions\/4800"}],"wp:featuredmedia":[{"embeddable":true,"href":"https:\/\/plantinity.com\/pl\/wp-json\/wp\/v2\/media\/4337"}],"wp:attachment":[{"href":"https:\/\/plantinity.com\/pl\/wp-json\/wp\/v2\/media?parent=4617"}],"wp:term":[{"taxonomy":"product_brand","embeddable":true,"href":"https:\/\/plantinity.com\/pl\/wp-json\/wp\/v2\/product_brand?post=4617"},{"taxonomy":"product_cat","embeddable":true,"href":"https:\/\/plantinity.com\/pl\/wp-json\/wp\/v2\/product_cat?post=4617"},{"taxonomy":"product_tag","embeddable":true,"href":"https:\/\/plantinity.com\/pl\/wp-json\/wp\/v2\/product_tag?post=4617"}],"curies":[{"name":"wp","href":"https:\/\/api.w.org\/{rel}","templated":true}]}}