{"id":5289,"date":"2025-05-27T12:14:48","date_gmt":"2025-05-27T12:14:48","guid":{"rendered":"https:\/\/plantinity.com\/product\/wazon-abyssal\/"},"modified":"2025-05-27T12:29:13","modified_gmt":"2025-05-27T12:29:13","slug":"wazon-abyssal","status":"publish","type":"product","link":"https:\/\/plantinity.com\/pl\/produkt\/wazon-abyssal\/","title":{"rendered":"Wazon ABYSSAL"},"content":{"rendered":"<h1>Powody, dla kt\u00f3rych powiniene\u015b wybra\u0107 nasze produkty:<\/h1>\n<ul>\n<li>Nasze produkty s\u0105 od podstaw wytwarzane przez nasz\u0105 ma\u0142\u0105 rodzinn\u0105 firm\u0119 w ca\u0142o\u015bci na terenie Polski i\u00a0<b>z polskich materia\u0142\u00f3w.<\/b><\/li>\n<li>Produkowane s\u0105 w technologii\u00a0<b>druku 3D<\/b>.<\/li>\n<li>Stawiamy na\u00a0<b>ekologiczne rozwi\u0105zania<\/b>. G\u0142\u00f3wnym materia\u0142em wykorzystywanym w naszych produktach jest PLA \u2013\u00a0<b>biodegradowalne tworzywo<\/b>\u00a0 powstaj\u0105ce z surowc\u00f3w odnawialnych, takich jak buraki cukrowe, czy te\u017c m\u0105czka kukurydziana.<\/li>\n<li><b>Oryginalne wzory<\/b>\u00a0stanowi\u0105 ciekawy element dekoracyjny, przyci\u0105gaj\u0105 oko i mog\u0105 nada\u0107 interesuj\u0105cy charakter Twojemu\u00a0 wn\u0119trzu.<\/li>\n<li><b>Maj\u0105<\/b>\u00a0<b>wytrzyma\u0142\u0105 i trwa\u0142\u0105 konstrukcj\u0119.<\/b><\/li>\n<li><b>S\u0105 estetycznie wykonane.<\/b><\/li>\n<li><b>S\u0105 zaprojektowane z my\u015bl\u0105 o d\u0142ugotrwa\u0142ym u\u017cytkowaniu.<\/b><\/li>\n<li><b>Stawiamy na uczciwo\u015b\u0107. Sami projektujemy nasze produkty\u00a0<\/b>lub korzystamy z licencjonowanych p\u0142atnych wzor\u00f3w.<\/li>\n<\/ul>\n<h2>Wymiary:<\/h2>\n<ul>\n<li>szeroko\u015b\u0107 maksymalna \u2013\u00a0 126 mm<\/li>\n<li>\u015brednica g\u00f3rnego otworu \u2013 42 mm<\/li>\n<li>wysoko\u015b\u0107 wazonu \u2013 165 mm<\/li>\n<\/ul>\n<p>Wazon dost\u0119pny w kolorze bia\u0142ym.<\/p>\n<h1>Ten wazon jest idealny do nast\u0119puj\u0105cych zestaw\u00f3w LEGO ICONS Botanical Collection:<\/h1>\n<ul>\n<li>LEGO 10328 ICONS Bukiet r\u00f3\u017c \u2013 Bouquet of Roses<\/li>\n<li>LEGO 10280 ICONS Bukiet kwiat\u00f3w \u2013 Flower Bouquet<\/li>\n<li>LEGO 10342 ICONS Pi\u0119kny bukiet r\u00f3\u017cowych kwiat\u00f3w \u2013 Pretty Pink Flower Bouquet<\/li>\n<li>LEGO 10313 ICONS Bukiet z polnych kwiat\u00f3w \u2013 Wildflower Bouquet<\/li>\n<\/ul>\n<h1>Jest to idealny prezent na wiele okazji, w tym:<\/h1>\n<ul>\n<li>Walentynki<\/li>\n<li>Dzie\u0144 Kobiet<\/li>\n<li>Dzie\u0144 Matki<\/li>\n<li>Dzie\u0144 Babci i Dziadka<\/li>\n<li>Dzie\u0144 Dziecka<\/li>\n<li>Bo\u017ce Narodzenie<\/li>\n<li>Wielkanoc<\/li>\n<li>urodziny i imieniny<\/li>\n<li>i wiele innych.<\/li>\n<\/ul>\n<p>&nbsp;<\/p>\n","protected":false},"excerpt":{"rendered":"<p>Ten wyj\u0105tkowy wazon zosta\u0142 wydrukowany w technologii druku 3D.\u00a0Ma lekk\u0105 i bardzo\u00a0<b>ciekaw\u0105 konstrukcj\u0119<\/b>, a dzi\u0119ki swojemu unikalnemu kszta\u0142towi\u00a0<b>idealnie prezentuje si\u0119 sam\u00a0<\/b>jak i z kwiatami. Pi\u0119knie pasuje zar\u00f3wno do kwiat\u00f3w sztucznych jak i modnych suszonych traw. Nie nadaje si\u0119 do kwiat\u00f3w ci\u0119tych, technologia druku 3D nie gwarantuje szczelno\u015bci wazonu.<\/p>\n<p>Nawet pusty wygl\u0105da bardzo efektownie i mo\u017ce stanowi\u0107\u00a0<b>designerski element dekoracyjny<\/b>\u00a0i by\u0107 nietuzinkow\u0105 ozdob\u0105 twojego wn\u0119trza.<\/p>\n<p>Dodatkow\u0105 zalet\u0105 wazonu jest to, \u017ce jest\u00a0<b>niet\u0142uk\u0105cy<\/b>, mo\u017ce by\u0107 u\u017cytkowany w zasi\u0119gu ruchliwych dzieci i zwierz\u0105t.\u00a0Jest on ciekaw\u0105 alternatyw\u0105 dla pospolitych wazon\u00f3w znanych z tanich sieci handlowych.<\/p>\n","protected":false},"featured_media":5282,"comment_status":"open","ping_status":"closed","template":"","meta":[],"product_brand":[],"product_cat":[46],"product_tag":[],"class_list":{"0":"post-5289","1":"product","2":"type-product","3":"status-publish","4":"has-post-thumbnail","6":"product_cat-unikalne-wazony","8":"first","9":"instock","10":"shipping-taxable","11":"purchasable","12":"product-type-simple"},"_links":{"self":[{"href":"https:\/\/plantinity.com\/pl\/wp-json\/wp\/v2\/product\/5289","targetHints":{"allow":["GET"]}}],"collection":[{"href":"https:\/\/plantinity.com\/pl\/wp-json\/wp\/v2\/product"}],"about":[{"href":"https:\/\/plantinity.com\/pl\/wp-json\/wp\/v2\/types\/product"}],"replies":[{"embeddable":true,"href":"https:\/\/plantinity.com\/pl\/wp-json\/wp\/v2\/comments?post=5289"}],"version-history":[{"count":1,"href":"https:\/\/plantinity.com\/pl\/wp-json\/wp\/v2\/product\/5289\/revisions"}],"predecessor-version":[{"id":5290,"href":"https:\/\/plantinity.com\/pl\/wp-json\/wp\/v2\/product\/5289\/revisions\/5290"}],"wp:featuredmedia":[{"embeddable":true,"href":"https:\/\/plantinity.com\/pl\/wp-json\/wp\/v2\/media\/5282"}],"wp:attachment":[{"href":"https:\/\/plantinity.com\/pl\/wp-json\/wp\/v2\/media?parent=5289"}],"wp:term":[{"taxonomy":"product_brand","embeddable":true,"href":"https:\/\/plantinity.com\/pl\/wp-json\/wp\/v2\/product_brand?post=5289"},{"taxonomy":"product_cat","embeddable":true,"href":"https:\/\/plantinity.com\/pl\/wp-json\/wp\/v2\/product_cat?post=5289"},{"taxonomy":"product_tag","embeddable":true,"href":"https:\/\/plantinity.com\/pl\/wp-json\/wp\/v2\/product_tag?post=5289"}],"curies":[{"name":"wp","href":"https:\/\/api.w.org\/{rel}","templated":true}]}}